{"id":15663,"date":"2025-03-24T10:42:54","date_gmt":"2025-03-24T10:42:54","guid":{"rendered":"https:\/\/episaveur.com\/?post_type=product&#038;p=15663"},"modified":"2025-04-09T09:21:05","modified_gmt":"2025-04-09T09:21:05","slug":"grand-coffret-episaveur","status":"publish","type":"product","link":"https:\/\/episaveur.com\/en\/product\/grand-coffret-episaveur\/","title":{"rendered":"Grand Coffret Episaveur"},"content":{"rendered":"","protected":false},"excerpt":{"rendered":"<p>Un coffret g\u00e9n\u00e9reux avec un assortiment vari\u00e9 de fruits secs de qualit\u00e9 premium. Parfait pour partager ou se faire plaisir !<\/p>","protected":false},"featured_media":15661,"comment_status":"open","ping_status":"closed","template":"","meta":[],"product_brand":[],"product_cat":[316],"product_tag":[],"class_list":{"0":"post-15663","1":"product","2":"type-product","3":"status-publish","4":"has-post-thumbnail","6":"product_cat-coffrets-cadeaux","7":"wcpa_has_options","9":"first","10":"instock","11":"shipping-taxable","12":"purchasable","13":"product-type-simple"},"aioseo_notices":[],"jetpack_sharing_enabled":true,"_links":{"self":[{"href":"https:\/\/episaveur.com\/en\/wp-json\/wp\/v2\/product\/15663","targetHints":{"allow":["GET"]}}],"collection":[{"href":"https:\/\/episaveur.com\/en\/wp-json\/wp\/v2\/product"}],"about":[{"href":"https:\/\/episaveur.com\/en\/wp-json\/wp\/v2\/types\/product"}],"replies":[{"embeddable":true,"href":"https:\/\/episaveur.com\/en\/wp-json\/wp\/v2\/comments?post=15663"}],"wp:featuredmedia":[{"embeddable":true,"href":"https:\/\/episaveur.com\/en\/wp-json\/wp\/v2\/media\/15661"}],"wp:attachment":[{"href":"https:\/\/episaveur.com\/en\/wp-json\/wp\/v2\/media?parent=15663"}],"wp:term":[{"taxonomy":"product_brand","embeddable":true,"href":"https:\/\/episaveur.com\/en\/wp-json\/wp\/v2\/product_brand?post=15663"},{"taxonomy":"product_cat","embeddable":true,"href":"https:\/\/episaveur.com\/en\/wp-json\/wp\/v2\/product_cat?post=15663"},{"taxonomy":"product_tag","embeddable":true,"href":"https:\/\/episaveur.com\/en\/wp-json\/wp\/v2\/product_tag?post=15663"}],"curies":[{"name":"wp","href":"https:\/\/api.w.org\/{rel}","templated":true}]}}