{"id":15659,"date":"2025-03-24T10:26:53","date_gmt":"2025-03-24T10:26:53","guid":{"rendered":"https:\/\/episaveur.com\/?post_type=product&#038;p=15659"},"modified":"2025-04-09T09:20:43","modified_gmt":"2025-04-09T09:20:43","slug":"petit-coffret-episaveur","status":"publish","type":"product","link":"https:\/\/episaveur.com\/en\/product\/petit-coffret-episaveur\/","title":{"rendered":"Petit Coffret Episaveur"},"content":{"rendered":"","protected":false},"excerpt":{"rendered":"<p> Un coffret gourmand compos\u00e9 d\u2019une s\u00e9lection exquise de fruits secs 100% naturels. Id\u00e9al pour les petites pauses saines et \u00e9nerg\u00e9tiques.<\/p>","protected":false},"featured_media":15745,"comment_status":"open","ping_status":"closed","template":"","meta":[],"product_brand":[],"product_cat":[316],"product_tag":[],"class_list":{"0":"post-15659","1":"product","2":"type-product","3":"status-publish","4":"has-post-thumbnail","6":"product_cat-coffrets-cadeaux","7":"wcpa_has_options","9":"first","10":"instock","11":"shipping-taxable","12":"purchasable","13":"product-type-simple"},"aioseo_notices":[],"jetpack_sharing_enabled":true,"_links":{"self":[{"href":"https:\/\/episaveur.com\/en\/wp-json\/wp\/v2\/product\/15659","targetHints":{"allow":["GET"]}}],"collection":[{"href":"https:\/\/episaveur.com\/en\/wp-json\/wp\/v2\/product"}],"about":[{"href":"https:\/\/episaveur.com\/en\/wp-json\/wp\/v2\/types\/product"}],"replies":[{"embeddable":true,"href":"https:\/\/episaveur.com\/en\/wp-json\/wp\/v2\/comments?post=15659"}],"wp:featuredmedia":[{"embeddable":true,"href":"https:\/\/episaveur.com\/en\/wp-json\/wp\/v2\/media\/15745"}],"wp:attachment":[{"href":"https:\/\/episaveur.com\/en\/wp-json\/wp\/v2\/media?parent=15659"}],"wp:term":[{"taxonomy":"product_brand","embeddable":true,"href":"https:\/\/episaveur.com\/en\/wp-json\/wp\/v2\/product_brand?post=15659"},{"taxonomy":"product_cat","embeddable":true,"href":"https:\/\/episaveur.com\/en\/wp-json\/wp\/v2\/product_cat?post=15659"},{"taxonomy":"product_tag","embeddable":true,"href":"https:\/\/episaveur.com\/en\/wp-json\/wp\/v2\/product_tag?post=15659"}],"curies":[{"name":"wp","href":"https:\/\/api.w.org\/{rel}","templated":true}]}}