{"id":10400,"date":"2024-10-15T17:26:05","date_gmt":"2024-10-15T17:26:05","guid":{"rendered":"https:\/\/episaveur.com\/?post_type=product&#038;p=10400"},"modified":"2025-01-15T15:37:23","modified_gmt":"2025-01-15T15:37:23","slug":"graines-de-courges","status":"publish","type":"product","link":"https:\/\/episaveur.com\/en\/product\/graines-de-courges\/","title":{"rendered":"Graines de Courge"},"content":{"rendered":"<p>Les graines de courges sont natures, elles ne sont ni grill\u00e9es, ni sal\u00e9es pour garder toute sa saveur et ses vertus pour la sant\u00e9.<\/p>","protected":false},"excerpt":{"rendered":"<p>Les graines de courges sont natures, elles ne sont ni grill\u00e9es, ni sal\u00e9es pour garder toute sa saveur et ses vertus pour la sant\u00e9.<\/p>","protected":false},"featured_media":14504,"comment_status":"open","ping_status":"closed","template":"","meta":[],"product_brand":[],"product_cat":[185],"product_tag":[232],"class_list":{"0":"post-10400","1":"product","2":"type-product","3":"status-publish","4":"has-post-thumbnail","6":"product_cat-graines","7":"product_tag-graines-bio","9":"first","10":"instock","11":"shipping-taxable","12":"purchasable","13":"product-type-variable","14":"has-default-attributes"},"aioseo_notices":[],"jetpack_sharing_enabled":true,"_links":{"self":[{"href":"https:\/\/episaveur.com\/en\/wp-json\/wp\/v2\/product\/10400","targetHints":{"allow":["GET"]}}],"collection":[{"href":"https:\/\/episaveur.com\/en\/wp-json\/wp\/v2\/product"}],"about":[{"href":"https:\/\/episaveur.com\/en\/wp-json\/wp\/v2\/types\/product"}],"replies":[{"embeddable":true,"href":"https:\/\/episaveur.com\/en\/wp-json\/wp\/v2\/comments?post=10400"}],"wp:featuredmedia":[{"embeddable":true,"href":"https:\/\/episaveur.com\/en\/wp-json\/wp\/v2\/media\/14504"}],"wp:attachment":[{"href":"https:\/\/episaveur.com\/en\/wp-json\/wp\/v2\/media?parent=10400"}],"wp:term":[{"taxonomy":"product_brand","embeddable":true,"href":"https:\/\/episaveur.com\/en\/wp-json\/wp\/v2\/product_brand?post=10400"},{"taxonomy":"product_cat","embeddable":true,"href":"https:\/\/episaveur.com\/en\/wp-json\/wp\/v2\/product_cat?post=10400"},{"taxonomy":"product_tag","embeddable":true,"href":"https:\/\/episaveur.com\/en\/wp-json\/wp\/v2\/product_tag?post=10400"}],"curies":[{"name":"wp","href":"https:\/\/api.w.org\/{rel}","templated":true}]}}