{"id":10126,"date":"2024-10-15T10:21:45","date_gmt":"2024-10-15T10:21:45","guid":{"rendered":"https:\/\/episaveur.com\/?post_type=product&#038;p=10126"},"modified":"2025-01-15T15:21:50","modified_gmt":"2025-01-15T15:21:50","slug":"amande-forna","status":"publish","type":"product","link":"https:\/\/episaveur.com\/en\/product\/amande-forna\/","title":{"rendered":"Amande Forna"},"content":{"rendered":"<p>Produit vendu : Sachet ferm\u00e9 d\u2019amandes locales de Mekn\u00e8s type \u00ab Fornat \u00bb (poids disponibles : 250g, 1 kg).<\/p>\n<p>C\u2019est une amande id\u00e9ale pour la d\u00e9coration des mets (r\u00f4ti ou non) ou \u00e0 manger en l\u2019\u00e9tat.<\/p>","protected":false},"excerpt":{"rendered":"<p>Produit vendu : Sachet ferm\u00e9 d\u2019amandes locales de Mekn\u00e8s type \u00ab Fornat \u00bb (poids disponibles : 250g, 1 kg). C\u2019est une amande id\u00e9ale pour la d\u00e9coration des mets (r\u00f4ti ou non) ou \u00e0 manger en l\u2019\u00e9tat.<\/p>","protected":false},"featured_media":14862,"comment_status":"open","ping_status":"closed","template":"","meta":[],"product_brand":[],"product_cat":[168,174],"product_tag":[219,224,222,225],"class_list":{"0":"post-10126","1":"product","2":"type-product","3":"status-publish","4":"has-post-thumbnail","6":"product_cat-fruits-secs","7":"product_cat-noix-grillees-sans-sel","8":"product_tag-bar-reception","9":"product_tag-fruits-secs","10":"product_tag-noix-grillees-sans-sel","11":"product_tag-petit-dejeuner","13":"first","14":"instock","15":"shipping-taxable","16":"purchasable","17":"product-type-variable","18":"has-default-attributes"},"aioseo_notices":[],"jetpack_sharing_enabled":true,"_links":{"self":[{"href":"https:\/\/episaveur.com\/en\/wp-json\/wp\/v2\/product\/10126","targetHints":{"allow":["GET"]}}],"collection":[{"href":"https:\/\/episaveur.com\/en\/wp-json\/wp\/v2\/product"}],"about":[{"href":"https:\/\/episaveur.com\/en\/wp-json\/wp\/v2\/types\/product"}],"replies":[{"embeddable":true,"href":"https:\/\/episaveur.com\/en\/wp-json\/wp\/v2\/comments?post=10126"}],"wp:featuredmedia":[{"embeddable":true,"href":"https:\/\/episaveur.com\/en\/wp-json\/wp\/v2\/media\/14862"}],"wp:attachment":[{"href":"https:\/\/episaveur.com\/en\/wp-json\/wp\/v2\/media?parent=10126"}],"wp:term":[{"taxonomy":"product_brand","embeddable":true,"href":"https:\/\/episaveur.com\/en\/wp-json\/wp\/v2\/product_brand?post=10126"},{"taxonomy":"product_cat","embeddable":true,"href":"https:\/\/episaveur.com\/en\/wp-json\/wp\/v2\/product_cat?post=10126"},{"taxonomy":"product_tag","embeddable":true,"href":"https:\/\/episaveur.com\/en\/wp-json\/wp\/v2\/product_tag?post=10126"}],"curies":[{"name":"wp","href":"https:\/\/api.w.org\/{rel}","templated":true}]}}