{"id":3,"date":"2019-01-21T01:28:10","date_gmt":"2019-01-21T01:28:10","guid":{"rendered":"https:\/\/demoapus2.com\/ogami\/?page_id=3"},"modified":"2024-10-31T14:03:56","modified_gmt":"2024-10-31T14:03:56","slug":"privacy-policy","status":"publish","type":"page","link":"https:\/\/episaveur.com\/en\/privacy-policy\/","title":{"rendered":"Privacy Policy"},"content":{"rendered":"<div data-elementor-type=\"wp-page\" data-elementor-id=\"3\" class=\"elementor elementor-3\">\n\t\t\t\t\t\t<section class=\"elementor-section elementor-top-section elementor-element elementor-element-18e23ffe elementor-section-boxed elementor-section-height-default elementor-section-height-default\" data-id=\"18e23ffe\" data-element_type=\"section\">\n\t\t\t\t\t\t<div class=\"elementor-container elementor-column-gap-default\">\n\t\t\t\t\t<div class=\"elementor-column elementor-col-100 elementor-top-column elementor-element elementor-element-5e1de2a4\" data-id=\"5e1de2a4\" data-element_type=\"column\">\n\t\t\t<div class=\"elementor-widget-wrap elementor-element-populated\">\n\t\t\t\t\t\t<div class=\"elementor-element elementor-element-329f9f4a elementor-widget elementor-widget-text-editor\" data-id=\"329f9f4a\" data-element_type=\"widget\" data-widget_type=\"text-editor.default\">\n\t\t\t\t<div class=\"elementor-widget-container\">\n\t\t\t\t\t\t\t\t\t<p><\/p>\n<p><span style=\"color: #252525; font-family: 'Cera Pro Bold', Arial, sans-serif; font-size: 28px;\">I. DONN\u00c9ES PERSONNELLES<\/span><\/p>\n<p><\/p>\n<p><\/p>\n<p>Vous pouvez consulter notre site sans avoir \u00e0 fournir d\u2019informations personnelles.<\/p>\n<p><\/p>\n<p><\/p>\n<p>Dans le cadre d\u2019une commande, nous vous demanderons certaines informations telles que votre nom, pr\u00e9nom, adresse email, num\u00e9ro de t\u00e9l\u00e9phone et adresse postale. En communiquant ces donn\u00e9es, vous consentez \u00e0 leur traitement par notre entreprise pour les finalit\u00e9s d\u00e9crites au point suivant.<\/p>\n<p><\/p>\n<p><\/p>\n<p>Conform\u00e9ment au R\u00e8glement G\u00e9n\u00e9ral sur la Protection des Donn\u00e9es (RGPD) et \u00e0 la Loi Informatique et Libert\u00e9s, nous vous pr\u00e9cisons ci-dessous les informations essentielles concernant l\u2019utilisation de vos donn\u00e9es.<\/p>\n<p><\/p>\n<p><\/p>\n<h3 class=\"wp-block-heading\"><strong>II. POLITIQUE RELATIVE AUX COOKIES<\/strong><\/h3>\n<p><\/p>\n<p><\/p>\n<p>Lors de votre premi\u00e8re visite sur notre site, un message vous informe que des informations sur votre navigation sont collect\u00e9es sous forme de \u00ab cookies \u00bb.<\/p>\n<p><\/p>\n<p><\/p>\n<p>En tant qu\u2019\u00e9diteur de ce site, nous utilisons des cookies qui s\u2019installent sur le disque dur de votre appareil. Ceux-ci nous permettent de collecter des donn\u00e9es statistiques concernant la fr\u00e9quentation et l\u2019utilisation du site.<\/p>\n<p><\/p>\n<p><\/p>\n<p>Les informations ainsi obtenues par les cookies ne permettent en aucun cas de vous identifier personnellement. Aucune de ces donn\u00e9es statistiques n\u2019est partag\u00e9e ou vendue \u00e0 des tiers.<\/p>\n<p><\/p>\n<p><\/p>\n<p><\/p>\n<p><\/p>\n<p>\u00a0<\/p>\n<p><\/p>\t\t\t\t\t\t\t\t<\/div>\n\t\t\t\t<\/div>\n\t\t\t\t\t<\/div>\n\t\t<\/div>\n\t\t\t\t\t<\/div>\n\t\t<\/section>\n\t\t\t\t<\/div>","protected":false},"excerpt":{"rendered":"<p>I. DONN\u00c9ES PERSONNELLES Vous pouvez consulter notre site sans avoir \u00e0 fournir d\u2019informations personnelles. Dans le cadre d\u2019une commande, nous vous demanderons certaines informations telles que votre nom, pr\u00e9nom, adresse email, num\u00e9ro de t\u00e9l\u00e9phone et adresse postale. En communiquant ces donn\u00e9es, vous consentez \u00e0 leur traitement par notre entreprise pour les finalit\u00e9s d\u00e9crites au point &hellip; <br \/><a href=\"https:\/\/episaveur.com\/en\/privacy-policy\/\" class=\"more-link\">Continue reading <span class=\"screen-reader-text\">Privacy Policy<\/span><\/a><\/p>","protected":false},"author":2,"featured_media":0,"parent":0,"menu_order":0,"comment_status":"closed","ping_status":"open","template":"","meta":{"footnotes":""},"class_list":["post-3","page","type-page","status-publish","hentry"],"aioseo_notices":[],"jetpack_sharing_enabled":true,"_links":{"self":[{"href":"https:\/\/episaveur.com\/en\/wp-json\/wp\/v2\/pages\/3","targetHints":{"allow":["GET"]}}],"collection":[{"href":"https:\/\/episaveur.com\/en\/wp-json\/wp\/v2\/pages"}],"about":[{"href":"https:\/\/episaveur.com\/en\/wp-json\/wp\/v2\/types\/page"}],"author":[{"embeddable":true,"href":"https:\/\/episaveur.com\/en\/wp-json\/wp\/v2\/users\/2"}],"replies":[{"embeddable":true,"href":"https:\/\/episaveur.com\/en\/wp-json\/wp\/v2\/comments?post=3"}],"version-history":[{"count":5,"href":"https:\/\/episaveur.com\/en\/wp-json\/wp\/v2\/pages\/3\/revisions"}],"predecessor-version":[{"id":12427,"href":"https:\/\/episaveur.com\/en\/wp-json\/wp\/v2\/pages\/3\/revisions\/12427"}],"wp:attachment":[{"href":"https:\/\/episaveur.com\/en\/wp-json\/wp\/v2\/media?parent=3"}],"curies":[{"name":"wp","href":"https:\/\/api.w.org\/{rel}","templated":true}]}}