{"id":12315,"date":"2024-10-29T16:23:23","date_gmt":"2024-10-29T16:23:23","guid":{"rendered":"https:\/\/episaveur.com\/?page_id=12315"},"modified":"2024-10-31T14:04:52","modified_gmt":"2024-10-31T14:04:52","slug":"livraison","status":"publish","type":"page","link":"https:\/\/episaveur.com\/en\/livraison\/","title":{"rendered":"Delivery"},"content":{"rendered":"<div data-elementor-type=\"wp-page\" data-elementor-id=\"12315\" class=\"elementor elementor-12315\">\n\t\t\t\t\t\t<section class=\"elementor-section elementor-top-section elementor-element elementor-element-17425fc9 elementor-section-boxed elementor-section-height-default elementor-section-height-default\" data-id=\"17425fc9\" data-element_type=\"section\">\n\t\t\t\t\t\t<div class=\"elementor-container elementor-column-gap-default\">\n\t\t\t\t\t<div class=\"elementor-column elementor-col-100 elementor-top-column elementor-element elementor-element-4f3efddf\" data-id=\"4f3efddf\" data-element_type=\"column\">\n\t\t\t<div class=\"elementor-widget-wrap elementor-element-populated\">\n\t\t\t\t\t\t<div class=\"elementor-element elementor-element-454c489f elementor-widget elementor-widget-text-editor\" data-id=\"454c489f\" data-element_type=\"widget\" data-widget_type=\"text-editor.default\">\n\t\t\t\t<div class=\"elementor-widget-container\">\n\t\t\t\t\t\t\t\t\t\n<p>Pour garantir que votre commande soit livr\u00e9e dans les meilleurs d\u00e9lais, veuillez vous assurer que votre adresse est saisie correctement, avec toutes les informations n\u00e9cessaires, ainsi qu\u2019un num\u00e9ro de t\u00e9l\u00e9phone joignable pour faciliter la livraison.<\/p>\n\n\n\n<p><strong>D\u00e9lai de traitement des commandes :<\/strong><\/p>\n\n\n\n<p>Les produits command\u00e9s sont exp\u00e9di\u00e9s dans un d\u00e9lai de 2 \u00e0 3 jours apr\u00e8s validation de la commande.<\/p>\n\n\n\n<p>Les d\u00e9lais de livraison peuvent varier en fonction du mode de livraison choisi, des produits command\u00e9s et de la zone g\u00e9ographique indiqu\u00e9e lors de la commande.<\/p>\n\n\n\n<p><strong>\u00a0\u2013\u00a0Mode de livraison\u00a0:<\/strong><\/p>\n\n\n\n<p><strong>Episaveur Marrakech<\/strong>\u00a0vous livre \u00e0 votre adresse partout au Maroc. Si vous souhaitez nous contacter via\u00a0<strong>WhatsApp ou par t\u00e9l\u00e9phone sur : <a href=\"https:\/\/api.whatsapp.com\/send\/?phone=212767119389&amp;text&amp;type=phone_number&amp;app_absent=0\" title=\"\">+212 767 11 93 89<\/a> ou <a href=\"tel:+212 524 346 945\" title=\"+212 524 346 945\">+212 524 346 945<\/a>,\u00a0<\/strong>ou par\u00a0<strong>mail :\u00a0<\/strong><em><strong><a href=\"mailto:n.dinia@episaveur-marrakech.com\" title=\"\"><span class=\"fa fa-envelope\" style=\"box-sizing: border-box; -webkit-font-smoothing: antialiased; display: inline-block; font-variant-numeric: normal; font-variant-east-asian: normal; font-variant-alternates: normal; font-size-adjust: none; font-kerning: auto; font-optical-sizing: auto; font-feature-settings: normal; font-variation-settings: normal; font-variant-position: normal; font-weight: 900; font-stretch: normal; font-size: 14px; line-height: 1; font-family: &quot;Font Awesome 5 Free&quot;; text-rendering: auto; margin-right: 5px; color: rgb(99, 99, 99); white-space-collapse: collapse; background-color: rgb(245, 245, 245);\"><\/span>n.dinia@episaveur-marrakech.com<\/a><\/strong><\/em>, pour discuter les diff\u00e9rents frais de port\u00a0qui vous seront communiqu\u00e9 en fonction du poids et du pays de livraison.<\/p>\n\n\n\n<p><strong>Suivi des livraisons :<\/strong><\/p>\n\n\n\n<p>Un num\u00e9ro de suivi vous sera communiqu\u00e9 pour que vous puissiez suivre votre envoi en ligne.<\/p>\n\n\n\n<p>Vous serez \u00e9galement inform\u00e9 par SMS ou par appel t\u00e9l\u00e9phonique, avant et pendant l\u2019exp\u00e9dition.<\/p>\n\n\n\n<p><\/p>\n\n\n\n<p><\/p>\n\t\t\t\t\t\t\t\t<\/div>\n\t\t\t\t<\/div>\n\t\t\t\t\t<\/div>\n\t\t<\/div>\n\t\t\t\t\t<\/div>\n\t\t<\/section>\n\t\t\t\t<\/div>","protected":false},"excerpt":{"rendered":"<p>Pour garantir que votre commande soit livr\u00e9e dans les meilleurs d\u00e9lais, veuillez vous assurer que votre adresse est saisie correctement, avec toutes les informations n\u00e9cessaires, ainsi qu\u2019un num\u00e9ro de t\u00e9l\u00e9phone joignable pour faciliter la livraison. D\u00e9lai de traitement des commandes : Les produits command\u00e9s sont exp\u00e9di\u00e9s dans un d\u00e9lai de 2 \u00e0 3 jours apr\u00e8s &hellip; <br \/><a href=\"https:\/\/episaveur.com\/en\/livraison\/\" class=\"more-link\">Continue reading <span class=\"screen-reader-text\">Delivery<\/span><\/a><\/p>","protected":false},"author":2,"featured_media":0,"parent":0,"menu_order":0,"comment_status":"closed","ping_status":"closed","template":"","meta":{"footnotes":""},"class_list":["post-12315","page","type-page","status-publish","hentry"],"aioseo_notices":[],"jetpack_sharing_enabled":true,"_links":{"self":[{"href":"https:\/\/episaveur.com\/en\/wp-json\/wp\/v2\/pages\/12315","targetHints":{"allow":["GET"]}}],"collection":[{"href":"https:\/\/episaveur.com\/en\/wp-json\/wp\/v2\/pages"}],"about":[{"href":"https:\/\/episaveur.com\/en\/wp-json\/wp\/v2\/types\/page"}],"author":[{"embeddable":true,"href":"https:\/\/episaveur.com\/en\/wp-json\/wp\/v2\/users\/2"}],"replies":[{"embeddable":true,"href":"https:\/\/episaveur.com\/en\/wp-json\/wp\/v2\/comments?post=12315"}],"version-history":[{"count":4,"href":"https:\/\/episaveur.com\/en\/wp-json\/wp\/v2\/pages\/12315\/revisions"}],"predecessor-version":[{"id":12430,"href":"https:\/\/episaveur.com\/en\/wp-json\/wp\/v2\/pages\/12315\/revisions\/12430"}],"wp:attachment":[{"href":"https:\/\/episaveur.com\/en\/wp-json\/wp\/v2\/media?parent=12315"}],"curies":[{"name":"wp","href":"https:\/\/api.w.org\/{rel}","templated":true}]}}