{"id":10757,"date":"2024-10-17T14:40:48","date_gmt":"2024-10-17T14:40:48","guid":{"rendered":"https:\/\/episaveur.com\/?page_id=10757"},"modified":"2024-10-31T14:01:35","modified_gmt":"2024-10-31T14:01:35","slug":"termes-et-conditions","status":"publish","type":"page","link":"https:\/\/episaveur.com\/en\/termes-et-conditions\/","title":{"rendered":"\u00a0Termes et conditions"},"content":{"rendered":"<div data-elementor-type=\"wp-page\" data-elementor-id=\"10757\" class=\"elementor elementor-10757\">\n\t\t\t\t\t\t<section class=\"elementor-section elementor-top-section elementor-element elementor-element-91404bb elementor-section-stretched elementor-section-boxed elementor-section-height-default elementor-section-height-default\" data-id=\"91404bb\" data-element_type=\"section\" data-settings=\"{&quot;stretch_section&quot;:&quot;section-stretched&quot;}\">\n\t\t\t\t\t\t<div class=\"elementor-container elementor-column-gap-default\">\n\t\t\t\t\t<div class=\"elementor-column elementor-col-100 elementor-top-column elementor-element elementor-element-629f652\" data-id=\"629f652\" data-element_type=\"column\">\n\t\t\t<div class=\"elementor-widget-wrap elementor-element-populated\">\n\t\t\t\t\t\t<div class=\"elementor-element elementor-element-54fd679 elementor-widget elementor-widget-heading\" data-id=\"54fd679\" data-element_type=\"widget\" data-widget_type=\"heading.default\">\n\t\t\t\t<div class=\"elementor-widget-container\">\n\t\t\t\t\t<h3 class=\"elementor-heading-title elementor-size-default\">Pr\u00e9ambule<\/h3>\t\t\t\t<\/div>\n\t\t\t\t<\/div>\n\t\t\t\t<div class=\"elementor-element elementor-element-e66962c elementor-widget__width-initial elementor-widget elementor-widget-text-editor\" data-id=\"e66962c\" data-element_type=\"widget\" data-widget_type=\"text-editor.default\">\n\t\t\t\t<div class=\"elementor-widget-container\">\n\t\t\t\t\t\t\t\t\t<p>Les conditions g\u00e9n\u00e9rales de vente suivantes r\u00e9gissent l&rsquo;ensemble des transactions \u00e9tablies sur le site web de EPI Saveur, Toute commande pass\u00e9e sur ce site suppose du client son acceptation inconditionnelle et irr\u00e9vocable de ces conditions.<\/p>\t\t\t\t\t\t\t\t<\/div>\n\t\t\t\t<\/div>\n\t\t\t\t<div class=\"elementor-element elementor-element-3d19fba elementor-widget elementor-widget-heading\" data-id=\"3d19fba\" data-element_type=\"widget\" data-widget_type=\"heading.default\">\n\t\t\t\t<div class=\"elementor-widget-container\">\n\t\t\t\t\t<h3 class=\"elementor-heading-title elementor-size-default\">Objet<\/h3>\t\t\t\t<\/div>\n\t\t\t\t<\/div>\n\t\t\t\t<div class=\"elementor-element elementor-element-3a47489 elementor-widget__width-initial elementor-widget elementor-widget-text-editor\" data-id=\"3a47489\" data-element_type=\"widget\" data-widget_type=\"text-editor.default\">\n\t\t\t\t<div class=\"elementor-widget-container\">\n\t\t\t\t\t\t\t\t\t<p>Le pr\u00e9sent contrat est un contrat a\u0300 distance qui a pour objet de d\u00e9finir les droits et obligations des parties dans le cadre de la vente des produits de EPI Saveur , sur Internet, par l\u2019interm\u00e9diaire de la plate- forme CMI. www.episaveur-marrakech.com est un service et une marque d\u00e9pos\u00e9e par EPI Saveur.<\/p>\t\t\t\t\t\t\t\t<\/div>\n\t\t\t\t<\/div>\n\t\t\t\t<div class=\"elementor-element elementor-element-79f2df3 elementor-widget elementor-widget-heading\" data-id=\"79f2df3\" data-element_type=\"widget\" data-widget_type=\"heading.default\">\n\t\t\t\t<div class=\"elementor-widget-container\">\n\t\t\t\t\t<h3 class=\"elementor-heading-title elementor-size-default\">D\u00e9finitions<\/h3>\t\t\t\t<\/div>\n\t\t\t\t<\/div>\n\t\t\t\t<div class=\"elementor-element elementor-element-92c9870 elementor-widget__width-initial elementor-widget elementor-widget-text-editor\" data-id=\"92c9870\" data-element_type=\"widget\" data-widget_type=\"text-editor.default\">\n\t\t\t\t<div class=\"elementor-widget-container\">\n\t\t\t\t\t\t\t\t\t<p>Dans la suite du contrat, chacune des expressions mentionn\u00e9es ci-dessus s\u2019entendra au sens de sa d\u00e9finition, a\u0300 savoir :<br \/>\u00ab Contrat a\u0300 distance \u00bb : tout contrat concernant des biens ou services entre EPI Saveur et un Consommateur dans le cadre d\u2019un syst\u00e8me de vente ou de prestations de service a\u0300 distance organise\u0301 par EPI Saveur qui, pour ce contrat, utilise exclusivement le r\u00e9seau Internet jusqu\u2019a\u0300 la conclusion du contrat, y compris la conclusion du contrat elle-m\u00eame.<br \/>\u00ab Consommateur \u00bb : toute personne physique qui, dans le pr\u00e9sent contrat, agit a\u0300 des fins qui n\u2019entrent pas dans le cadre de son activit\u00e9\u0301 professionnelle.<br \/>\u00ab Bon de commande \u00bb : document qui indique les caract\u00e9ristiques des Produits command\u00e9s par le Consommateur et qui doit \u00eatre signe\u0301 de lui par \u00ab double clic \u00bb pour l\u2019engager.<br \/>\u00ab Commande \u00bb : acte par lequel le Consommateur s\u2019engage a\u0300 acheter des Produits et EPI Saveur a\u0300 les livrer.<\/p>\t\t\t\t\t\t\t\t<\/div>\n\t\t\t\t<\/div>\n\t\t\t\t<div class=\"elementor-element elementor-element-692629a elementor-widget elementor-widget-heading\" data-id=\"692629a\" data-element_type=\"widget\" data-widget_type=\"heading.default\">\n\t\t\t\t<div class=\"elementor-widget-container\">\n\t\t\t\t\t<h3 class=\"elementor-heading-title elementor-size-default\">Prix<\/h3>\t\t\t\t<\/div>\n\t\t\t\t<\/div>\n\t\t\t\t<div class=\"elementor-element elementor-element-b8cd7eb elementor-widget__width-initial elementor-widget elementor-widget-text-editor\" data-id=\"b8cd7eb\" data-element_type=\"widget\" data-widget_type=\"text-editor.default\">\n\t\t\t\t<div class=\"elementor-widget-container\">\n\t\t\t\t\t\t\t\t\t<p>Les prix mentionn\u00e9s sur le site sont indiqu\u00e9s en dirham marocain hors taxe, sont valables au moment de leur consultation par le client et sont ceux en vigueur au moment de la commande.<br \/>La TVA est calcul\u00e9e dans le bon de commande en fonction du taux applicable au jour de la commande. Le bon de commande et les transactions se font en DH marocain. Tout changement du taux sera automatiquement r\u00e9percut\u00e9\u0301 sur le prix des produits.<\/p>\t\t\t\t\t\t\t\t<\/div>\n\t\t\t\t<\/div>\n\t\t\t\t<div class=\"elementor-element elementor-element-69be98e elementor-widget elementor-widget-heading\" data-id=\"69be98e\" data-element_type=\"widget\" data-widget_type=\"heading.default\">\n\t\t\t\t<div class=\"elementor-widget-container\">\n\t\t\t\t\t<h3 class=\"elementor-heading-title elementor-size-default\">Mode de paiement\n<\/h3>\t\t\t\t<\/div>\n\t\t\t\t<\/div>\n\t\t\t\t<div class=\"elementor-element elementor-element-3fc705b elementor-widget__width-initial elementor-widget elementor-widget-text-editor\" data-id=\"3fc705b\" data-element_type=\"widget\" data-widget_type=\"text-editor.default\">\n\t\t\t\t<div class=\"elementor-widget-container\">\n\t\t\t\t\t\t\t\t\tPour r\u00e9gler votre commande, vous choisissez le moyen de paiement parmi ceux propos\u00e9s par EPI Saveur au niveau de la page de paiement.<br>\nDans ce cas, la remise de la transaction pour d\u00e9bit de votre compte est effectu\u00e9e dans la journ\u00e9e qui suit la date de la confirmation de livraison.<br>\nVos paiements Multi-canaux sont s\u00e9curis\u00e9s par le Centre Mon\u00e9tique Interbancaire (CMI) qui offre un service de paiement enti\u00e8rement s\u00e9curis\u00e9\u0301.<br>\nLe Consommateur garantit \u00e0 EPI Saveur qu\u2019il dispose des autorisations \u00e9ventuellement n\u00e9cessaires pour utiliser le mode de paiement choisi par lui, lors de la validation du Bon de commande.<br>\nEn cas de paiement par carte bancaire, les dispositions relatives a\u0300 l\u2019utilisation frauduleuse du moyen de paiement pr\u00e9vues dans les conventions conclues entre le Consommateur et l\u2019\u00e9metteur de la carte entre EPI Saveur et son \u00e9tablissement bancaire s\u2019appliquent.\t\t\t\t\t\t\t\t<\/div>\n\t\t\t\t<\/div>\n\t\t\t\t<div class=\"elementor-element elementor-element-b2795d2 elementor-widget elementor-widget-heading\" data-id=\"b2795d2\" data-element_type=\"widget\" data-widget_type=\"heading.default\">\n\t\t\t\t<div class=\"elementor-widget-container\">\n\t\t\t\t\t<h3 class=\"elementor-heading-title elementor-size-default\">Confidentialit\u00e9\u0301 des donn\u00e9es\n<\/h3>\t\t\t\t<\/div>\n\t\t\t\t<\/div>\n\t\t\t\t<div class=\"elementor-element elementor-element-5f8065c elementor-widget__width-initial elementor-widget elementor-widget-text-editor\" data-id=\"5f8065c\" data-element_type=\"widget\" data-widget_type=\"text-editor.default\">\n\t\t\t\t<div class=\"elementor-widget-container\">\n\t\t\t\t\t\t\t\t\t<p>Les informations qui vous sont demand\u00e9es sont n\u00e9cessaires au traitement de votre commande et elles sont trait\u00e9es de mani\u00e8re confidentielle. Vous disposez d\u2019un droit de rectification relatif aux donn\u00e9es vous concernant. Vous pouvez \u00eatre amen\u00e9s a\u0300 recevoir des publicit\u00e9s de la part de EPI Saveur sauf si vous avez stipule\u0301 que vous refusiez l\u2019utilisation de vos donn\u00e9es nominatives a\u0300 ses fins.<\/p>\t\t\t\t\t\t\t\t<\/div>\n\t\t\t\t<\/div>\n\t\t\t\t<div class=\"elementor-element elementor-element-7870020 elementor-widget elementor-widget-heading\" data-id=\"7870020\" data-element_type=\"widget\" data-widget_type=\"heading.default\">\n\t\t\t\t<div class=\"elementor-widget-container\">\n\t\t\t\t\t<h3 class=\"elementor-heading-title elementor-size-default\">Preuve des transactions pay\u00e9s par carte bancaire\n<\/h3>\t\t\t\t<\/div>\n\t\t\t\t<\/div>\n\t\t\t\t<div class=\"elementor-element elementor-element-4fccbe7 elementor-widget__width-initial elementor-widget elementor-widget-text-editor\" data-id=\"4fccbe7\" data-element_type=\"widget\" data-widget_type=\"text-editor.default\">\n\t\t\t\t<div class=\"elementor-widget-container\">\n\t\t\t\t\t\t\t\t\t<p>Les donn\u00e9es enregistr\u00e9es par le CMI sur la plate-forme de paiement Multi-canal pour le compte de EPI Saveur constituent la preuve de l\u2019ensemble des transactions commerciales pass\u00e9es entre vous et EPI Saveur.<\/p>\t\t\t\t\t\t\t\t<\/div>\n\t\t\t\t<\/div>\n\t\t\t\t<div class=\"elementor-element elementor-element-dfd389a elementor-widget elementor-widget-heading\" data-id=\"dfd389a\" data-element_type=\"widget\" data-widget_type=\"heading.default\">\n\t\t\t\t<div class=\"elementor-widget-container\">\n\t\t\t\t\t<h3 class=\"elementor-heading-title elementor-size-default\">Force majeure\n<\/h3>\t\t\t\t<\/div>\n\t\t\t\t<\/div>\n\t\t\t\t<div class=\"elementor-element elementor-element-d8302a0 elementor-widget__width-initial elementor-widget elementor-widget-text-editor\" data-id=\"d8302a0\" data-element_type=\"widget\" data-widget_type=\"text-editor.default\">\n\t\t\t\t<div class=\"elementor-widget-container\">\n\t\t\t\t\t\t\t\t\t<div id=\"wrapper\"><div class=\"inner-wrapper container\"><div class=\"row\"><div id=\"content-wrapper\" class=\"col-xs-12 col-sm-12 col-md-12\"><div id=\"main\"><section id=\"content\" class=\"page-content page-cms page-cms-11\"><p>EPI Saveur n\u2019est tenu pour l\u2019ex\u00e9cution de ses obligations que dans la mesure ou\u0300 aucun \u00e9v\u00e8nement de force majeure ne vient les entraver.<\/p><\/section><footer class=\"page-footer\"><\/footer><\/div><\/div><\/div><\/div><\/div><footer id=\"footer\"><div class=\"footer-top\"><div class=\"ft_newsletter\"><div class=\"container\"><div class=\"row\"><div class=\"col-xs-12 col-md-12 col-lg-8\">\u00a0<\/div><\/div><\/div><\/div><\/div><\/footer>\t\t\t\t\t\t\t\t<\/div>\n\t\t\t\t<\/div>\n\t\t\t\t\t<\/div>\n\t\t<\/div>\n\t\t\t\t\t<\/div>\n\t\t<\/section>\n\t\t\t\t<\/div>","protected":false},"excerpt":{"rendered":"<p>Pr\u00e9ambule Les conditions g\u00e9n\u00e9rales de vente suivantes r\u00e9gissent l&rsquo;ensemble des transactions \u00e9tablies sur le site web de EPI Saveur, Toute commande pass\u00e9e sur ce site suppose du client son acceptation inconditionnelle et irr\u00e9vocable de ces conditions. Objet Le pr\u00e9sent contrat est un contrat a\u0300 distance qui a pour objet de d\u00e9finir les droits et obligations &hellip; <br \/><a href=\"https:\/\/episaveur.com\/en\/termes-et-conditions\/\" class=\"more-link\">Continue reading <span class=\"screen-reader-text\">\u00a0Termes et conditions<\/span><\/a><\/p>","protected":false},"author":2,"featured_media":0,"parent":0,"menu_order":0,"comment_status":"closed","ping_status":"closed","template":"","meta":{"footnotes":""},"class_list":["post-10757","page","type-page","status-publish","hentry"],"aioseo_notices":[],"jetpack_sharing_enabled":true,"_links":{"self":[{"href":"https:\/\/episaveur.com\/en\/wp-json\/wp\/v2\/pages\/10757","targetHints":{"allow":["GET"]}}],"collection":[{"href":"https:\/\/episaveur.com\/en\/wp-json\/wp\/v2\/pages"}],"about":[{"href":"https:\/\/episaveur.com\/en\/wp-json\/wp\/v2\/types\/page"}],"author":[{"embeddable":true,"href":"https:\/\/episaveur.com\/en\/wp-json\/wp\/v2\/users\/2"}],"replies":[{"embeddable":true,"href":"https:\/\/episaveur.com\/en\/wp-json\/wp\/v2\/comments?post=10757"}],"version-history":[{"count":10,"href":"https:\/\/episaveur.com\/en\/wp-json\/wp\/v2\/pages\/10757\/revisions"}],"predecessor-version":[{"id":12424,"href":"https:\/\/episaveur.com\/en\/wp-json\/wp\/v2\/pages\/10757\/revisions\/12424"}],"wp:attachment":[{"href":"https:\/\/episaveur.com\/en\/wp-json\/wp\/v2\/media?parent=10757"}],"curies":[{"name":"wp","href":"https:\/\/api.w.org\/{rel}","templated":true}]}}